{"id":98,"date":"2025-05-21T19:10:05","date_gmt":"2025-05-21T17:10:05","guid":{"rendered":"http:\/\/www.asijskeserialy.cz\/?page_id=98"},"modified":"2025-06-24T02:04:13","modified_gmt":"2025-06-24T00:04:13","slug":"cinske-serialy","status":"publish","type":"page","link":"https:\/\/www.asijskeserialy.cz\/index.php\/cinske-serialy\/","title":{"rendered":"\u010c\u00ednsk\u00e9 seri\u00e1ly"},"content":{"rendered":"\n<div class=\"wp-block-columns has-4-columns is-layout-flex wp-container-core-columns-is-layout-1 wp-block-columns-is-layout-flex\">\n<div class=\"wp-block-column is-layout-flow wp-block-column-is-layout-flow\">\n<p><\/p>\n<\/div>\n\n\n\n<div class=\"wp-block-column is-layout-flow wp-block-column-is-layout-flow\">\n<p><\/p>\n<\/div>\n\n\n\n<div class=\"wp-block-column is-layout-flow wp-block-column-is-layout-flow\">\n<p><\/p>\n<\/div>\n\n\n\n<div class=\"wp-block-column is-layout-flow wp-block-column-is-layout-flow\">\n<p><\/p>\n<\/div>\n<\/div>\n\n\n\n<div class=\"wp-block-columns has-4-columns is-layout-flex wp-container-core-columns-is-layout-2 wp-block-columns-is-layout-flex\">\n<div class=\"wp-block-column is-layout-flow wp-block-column-is-layout-flow\">\n<div class=\"wp-block-image\"><figure class=\"alignleft is-resized\"><a href=\"https:\/\/www.asijskeserialy.cz\/index.php\/cina\/cinske-serialy\/reset-2022\/\" target=\"_blank\" rel=\"noreferrer noopener\"><img loading=\"lazy\" decoding=\"async\" src=\"https:\/\/www.asijskeserialy.cz\/wp-content\/uploads\/2025\/06\/487686349_525174853974889_6365537607190051424_n-300x300.jpg\" alt=\"Reset (2022)\" class=\"wp-image-555\" width=\"150\" height=\"150\"\/><\/a><figcaption><strong><a href=\"https:\/\/www.asijskeserialy.cz\/index.php\/cina\/cinske-serialy\/reset-2022\/\">Reset (2022)<\/a><\/strong><\/figcaption><\/figure><\/div>\n<\/div>\n\n\n\n<div class=\"wp-block-column is-layout-flow wp-block-column-is-layout-flow\">\n<div class=\"wp-block-image\"><figure class=\"alignleft is-resized\"><a href=\"https:\/\/www.asijskeserialy.cz\/index.php\/cina\/cinske-serialy\/go-ahead-2020\/\" target=\"_blank\" rel=\"noreferrer noopener\"><img loading=\"lazy\" decoding=\"async\" src=\"https:\/\/www.asijskeserialy.cz\/wp-content\/uploads\/2025\/05\/487722645_525173967308311_6616676675195689426_n-300x300.jpg\" alt=\"Go Ashed (2020)\" class=\"wp-image-401\" width=\"150\" height=\"150\"\/><\/a><figcaption><strong><a href=\"https:\/\/www.asijskeserialy.cz\/index.php\/cina\/cinske-serialy\/go-ahead-2020\/\">Go Ashed (2020)<\/a><\/strong><\/figcaption><\/figure><\/div>\n\n\n\n<p><\/p>\n<\/div>\n\n\n\n<div class=\"wp-block-column is-layout-flow wp-block-column-is-layout-flow\">\n<div class=\"wp-block-image\"><figure class=\"alignleft is-resized\"><a href=\"https:\/\/www.asijskeserialy.cz\/index.php\/cina\/cinske-serialy\/hidden-love-2023\/\" target=\"_blank\" rel=\"noreferrer noopener\"><img loading=\"lazy\" decoding=\"async\" src=\"https:\/\/www.asijskeserialy.cz\/wp-content\/uploads\/2025\/05\/488116604_525173673975007_1214595973729388932_n-2-300x300.jpg\" alt=\"Hidden Love (2023)\" class=\"wp-image-363\" width=\"150\" height=\"150\"\/><\/a><figcaption><strong><a href=\"https:\/\/www.asijskeserialy.cz\/index.php\/cina\/cinske-serialy\/hidden-love-2023\/\">Hidden Love (2023)<\/a><\/strong><\/figcaption><\/figure><\/div>\n\n\n\n<p><\/p>\n<\/div>\n\n\n\n<div class=\"wp-block-column is-layout-flow wp-block-column-is-layout-flow\">\n<p><\/p>\n<\/div>\n<\/div>\n","protected":false},"excerpt":{"rendered":"","protected":false},"author":1,"featured_media":293,"parent":0,"menu_order":1,"comment_status":"closed","ping_status":"closed","template":"","meta":{"footnotes":""},"class_list":["post-98","page","type-page","status-publish","has-post-thumbnail","hentry"],"_links":{"self":[{"href":"https:\/\/www.asijskeserialy.cz\/index.php\/wp-json\/wp\/v2\/pages\/98","targetHints":{"allow":["GET"]}}],"collection":[{"href":"https:\/\/www.asijskeserialy.cz\/index.php\/wp-json\/wp\/v2\/pages"}],"about":[{"href":"https:\/\/www.asijskeserialy.cz\/index.php\/wp-json\/wp\/v2\/types\/page"}],"author":[{"embeddable":true,"href":"https:\/\/www.asijskeserialy.cz\/index.php\/wp-json\/wp\/v2\/users\/1"}],"replies":[{"embeddable":true,"href":"https:\/\/www.asijskeserialy.cz\/index.php\/wp-json\/wp\/v2\/comments?post=98"}],"version-history":[{"count":80,"href":"https:\/\/www.asijskeserialy.cz\/index.php\/wp-json\/wp\/v2\/pages\/98\/revisions"}],"predecessor-version":[{"id":636,"href":"https:\/\/www.asijskeserialy.cz\/index.php\/wp-json\/wp\/v2\/pages\/98\/revisions\/636"}],"wp:featuredmedia":[{"embeddable":true,"href":"https:\/\/www.asijskeserialy.cz\/index.php\/wp-json\/wp\/v2\/media\/293"}],"wp:attachment":[{"href":"https:\/\/www.asijskeserialy.cz\/index.php\/wp-json\/wp\/v2\/media?parent=98"}],"curies":[{"name":"wp","href":"https:\/\/api.w.org\/{rel}","templated":true}]}}