{"id":561,"date":"2025-06-24T00:53:38","date_gmt":"2025-06-23T22:53:38","guid":{"rendered":"https:\/\/www.asijskeserialy.cz\/?page_id=561"},"modified":"2025-06-27T01:08:58","modified_gmt":"2025-06-26T23:08:58","slug":"reset-2022","status":"publish","type":"page","link":"https:\/\/www.asijskeserialy.cz\/index.php\/cinske-serialy\/reset-2022\/","title":{"rendered":"Reset (2022)"},"content":{"rendered":"\n<p class=\"has-normal-font-size\">D\u011bj seri\u00e1lu:<br><br>Vysoko\u0161kola\u010dka Li \u0160i-\u010dching se kv\u016fli nevysv\u011btliteln\u00e9mu jevu ocitne v nekone\u010dn\u00e9 \u010dasov\u00e9 smy\u010dce, v n\u00ed\u017e v\u017edy uv\u00edzne v autobuse m\u011bstsk\u00e9 hromadn\u00e9 dopravy, kter\u00fd m\u00e1 explodovat, co\u017e p\u0159inese smrt a zk\u00e1zu nejen j\u00ed, ale i v\u0161em cestuj\u00edc\u00edm. Shi Qing se zoufale sna\u017e\u00ed naj\u00edt zp\u016fsob, jak uniknout nejen \u010dasov\u00e9 smy\u010dce, ale i sv\u00e9mu tragick\u00e9mu osudu, a tak do \u010dasov\u00e9 smy\u010dky necht\u011bn\u011b vt\u00e1hne i sv\u00e9ho spolujezdce Xiao He Yuna. Spole\u010dn\u011b se sna\u017e\u00ed naj\u00edt zp\u016fsob, jak zm\u011bnit sv\u016fj osud t\u00edm, \u017ee zajist\u00ed, aby autobus bezpe\u010dn\u011b dorazil do c\u00edle, ale pokus o to se uk\u00e1\u017ee jako v\u0161echno, jen ne snadn\u00fd.   <br><br> ~~  P\u0159evzato z webov\u00e9ho rom\u00e1nu \u201eKai Duan\u201c (\u5f00\u7aef) od Qi Dao Jun (\u7948\u7977). <\/p>\n\n\n\n<p style=\"font-size:17px\">Po\u010det d\u00edl\u016f:<strong> 1<\/strong>5<br>D\u00e9lka d\u00edlu : 45 min<\/p>\n","protected":false},"excerpt":{"rendered":"<p>D\u011bj seri\u00e1lu: Vysoko\u0161kola\u010dka Li \u0160i-\u010dching se kv\u016fli nevysv\u011btliteln\u00e9mu jevu ocitne v nekone\u010dn\u00e9 \u010dasov\u00e9 smy\u010dce, v n\u00ed\u017e v\u017edy uv\u00edzne v autobuse m\u011bstsk\u00e9 hromadn\u00e9 dopravy, kter\u00fd m\u00e1 explodovat, co\u017e p\u0159inese smrt a zk\u00e1zu nejen j\u00ed, ale i v\u0161em cestuj\u00edc\u00edm. Shi Qing se zoufale sna\u017e\u00ed naj\u00edt zp\u016fsob, jak uniknout nejen \u010dasov\u00e9 smy\u010dce, ale i sv\u00e9mu tragick\u00e9mu osudu, a &hellip; <\/p>\n<p class=\"link-more\"><a href=\"https:\/\/www.asijskeserialy.cz\/index.php\/cinske-serialy\/reset-2022\/\" class=\"more-link\">Pokra\u010dovat ve \u010dten\u00ed<span class=\"screen-reader-text\"> &#8220;Reset (2022)&#8221;<\/span><\/a><\/p>\n","protected":false},"author":1,"featured_media":555,"parent":98,"menu_order":1,"comment_status":"open","ping_status":"closed","template":"","meta":{"footnotes":""},"class_list":["post-561","page","type-page","status-publish","has-post-thumbnail","hentry"],"_links":{"self":[{"href":"https:\/\/www.asijskeserialy.cz\/index.php\/wp-json\/wp\/v2\/pages\/561","targetHints":{"allow":["GET"]}}],"collection":[{"href":"https:\/\/www.asijskeserialy.cz\/index.php\/wp-json\/wp\/v2\/pages"}],"about":[{"href":"https:\/\/www.asijskeserialy.cz\/index.php\/wp-json\/wp\/v2\/types\/page"}],"author":[{"embeddable":true,"href":"https:\/\/www.asijskeserialy.cz\/index.php\/wp-json\/wp\/v2\/users\/1"}],"replies":[{"embeddable":true,"href":"https:\/\/www.asijskeserialy.cz\/index.php\/wp-json\/wp\/v2\/comments?post=561"}],"version-history":[{"count":4,"href":"https:\/\/www.asijskeserialy.cz\/index.php\/wp-json\/wp\/v2\/pages\/561\/revisions"}],"predecessor-version":[{"id":641,"href":"https:\/\/www.asijskeserialy.cz\/index.php\/wp-json\/wp\/v2\/pages\/561\/revisions\/641"}],"up":[{"embeddable":true,"href":"https:\/\/www.asijskeserialy.cz\/index.php\/wp-json\/wp\/v2\/pages\/98"}],"wp:featuredmedia":[{"embeddable":true,"href":"https:\/\/www.asijskeserialy.cz\/index.php\/wp-json\/wp\/v2\/media\/555"}],"wp:attachment":[{"href":"https:\/\/www.asijskeserialy.cz\/index.php\/wp-json\/wp\/v2\/media?parent=561"}],"curies":[{"name":"wp","href":"https:\/\/api.w.org\/{rel}","templated":true}]}}