{"id":265,"date":"2025-05-21T21:36:16","date_gmt":"2025-05-21T19:36:16","guid":{"rendered":"http:\/\/www.asijskeserialy.cz\/?page_id=265"},"modified":"2026-03-20T00:52:14","modified_gmt":"2026-03-19T23:52:14","slug":"korejsti-herci","status":"publish","type":"page","link":"https:\/\/www.asijskeserialy.cz\/index.php\/korejsti-herci\/","title":{"rendered":"Korej\u0161t\u00ed herci"},"content":{"rendered":"\n<div style=\"max-width:500px; margin:40px auto; text-align:center;\">\n  <link href=\"https:\/\/fonts.googleapis.com\/css2?family=Cinzel:wght@700&#038;display=swap\" rel=\"stylesheet\">\n  <div style=\"font-family: 'Cinzel', serif; font-weight:700; font-size:18px; margin-bottom:15px; text-shadow: 1px 1px 3px rgba(0,0,0,0.5);\">\n    80 nejzn\u00e1m\u011bj\u0161\u00edch korejsk\u00fdch herc\u016f. Pozn\u00e1te je v\u0161echny? J\u00e1 ANO! Video si pus\u0165te a\u017e do konce &#129310;<span style=\"color:red;\">&#10084;<\/span>\n  <\/div>\n\n  <div style=\"position:relative; cursor:pointer; background:#000;\" id=\"videoContainer\">\n    \n    <video id=\"mojeVideo\" width=\"100%\" \n           poster=\"https:\/\/www.asijskeserialy.cz\/wp-content\/uploads\/2026\/03\/nahled_2.jpg\" \n           style=\"display:block; width:100%;\"\n           playsinline webkit-playsinline preload=\"metadata\" controls>\n      <source src=\"https:\/\/www.asijskeserialy.cz\/wp-content\/uploads\/2026\/03\/korekci-aliki.mp4\" type=\"video\/mp4\">\n    <\/video>\n\n    <div id=\"playOverlay\" style=\"\n        position:absolute; top:0; left:0; width:100%; height:100%;\n        background:rgba(0,0,0,0.3); display:flex; align-items:center; justify-content:center;\n        z-index:5; pointer-events: none; transition: 0.3s;\">\n        \n        <div style=\"width:100px; height:100px; background:white; border-radius:50%; display:flex; align-items:center; justify-content:center; box-shadow:0 0 20px rgba(0,0,0,0.5);\">\n            <div style=\"width:0; height:0; border-left:30px solid black; border-top:18px solid transparent; border-bottom:18px solid transparent; margin-left:5px;\"><\/div>\n        <\/div>\n    <\/div>\n  <\/div>\n<\/div>\n\n<script>\nconst video = document.getElementById(\"mojeVideo\");\nconst overlay = document.getElementById(\"playOverlay\");\nconst container = document.getElementById(\"videoContainer\");\n\n\/\/ Kliknut\u00ed kamkoliv na kontejner spust\u00ed\/zastav\u00ed video (nejlep\u0161\u00ed pro Apple)\ncontainer.addEventListener('click', function() {\n    if (video.paused) {\n        video.play();\n    } else {\n        video.pause();\n    }\n});\n\n\/\/ Automatick\u00e9 skryt\u00ed\/zobrazen\u00ed kole\u010dka podle stavu videa\nvideo.addEventListener('play', () => {\n    overlay.style.opacity = \"0\";\n    overlay.style.visibility = \"hidden\";\n});\n\nvideo.addEventListener('pause', () => {\n    overlay.style.opacity = \"1\";\n    overlay.style.visibility = \"visible\";\n});\n\nvideo.addEventListener('ended', () => {\n    overlay.style.opacity = \"1\";\n    overlay.style.visibility = \"visible\";\n});\n<\/script>\n\n\n\n<div class=\"wp-block-columns is-not-stacked-on-mobile is-layout-flex wp-container-core-columns-is-layout-1 wp-block-columns-is-layout-flex\">\n<div class=\"wp-block-column is-vertically-aligned-top is-layout-flow wp-block-column-is-layout-flow\">\n<div class=\"wp-block-group\"><div class=\"wp-block-group__inner-container is-layout-flow wp-block-group-is-layout-flow\">\n<div class=\"wp-block-group\"><div class=\"wp-block-group__inner-container is-layout-constrained wp-block-group-is-layout-constrained\">\n<div class=\"wp-block-group\"><div class=\"wp-block-group__inner-container is-layout-constrained wp-block-group-is-layout-constrained\">\n<figure class=\"wp-block-image size-full is-style-default\"><img loading=\"lazy\" decoding=\"async\" width=\"629\" height=\"943\" src=\"https:\/\/www.asijskeserialy.cz\/wp-content\/uploads\/2025\/06\/5384a5c3ffd92c5d5ab891266d554641.jpg\" alt=\"\" class=\"wp-image-878\" srcset=\"https:\/\/www.asijskeserialy.cz\/wp-content\/uploads\/2025\/06\/5384a5c3ffd92c5d5ab891266d554641.jpg 629w, https:\/\/www.asijskeserialy.cz\/wp-content\/uploads\/2025\/06\/5384a5c3ffd92c5d5ab891266d554641-200x300.jpg 200w\" sizes=\"auto, (max-width: 629px) 100vw, 629px\" \/><\/figure>\n<\/div><\/div>\n<\/div><\/div>\n\n\n\n<div class=\"wp-block-group\"><div class=\"wp-block-group__inner-container is-layout-constrained wp-block-group-is-layout-constrained\">\n<div class=\"wp-block-group\"><div class=\"wp-block-group__inner-container is-layout-constrained wp-block-group-is-layout-constrained\">\n<h4 class=\"wp-block-heading has-text-align-center has-small-font-size\">Byeon Woo Seok<\/h4>\n<\/div><\/div>\n<\/div><\/div>\n<\/div><\/div>\n<\/div>\n\n\n\n<div class=\"wp-block-column is-layout-flow wp-block-column-is-layout-flow\"><div class=\"wp-block-image\">\n<figure class=\"aligncenter size-full\"><img loading=\"lazy\" decoding=\"async\" width=\"736\" height=\"920\" src=\"https:\/\/www.asijskeserialy.cz\/wp-content\/uploads\/2025\/06\/park-bo-gum-1.jpg\" alt=\"\" class=\"wp-image-897\" srcset=\"https:\/\/www.asijskeserialy.cz\/wp-content\/uploads\/2025\/06\/park-bo-gum-1.jpg 736w, https:\/\/www.asijskeserialy.cz\/wp-content\/uploads\/2025\/06\/park-bo-gum-1-240x300.jpg 240w\" sizes=\"auto, (max-width: 736px) 100vw, 736px\" \/><\/figure><\/div>\n\n\n<h4 class=\"wp-block-heading alignwide has-text-align-center has-small-font-size\" style=\"line-height:1\">Park Bo Gum<\/h4>\n<\/div>\n\n\n\n<div class=\"wp-block-column is-layout-flow wp-block-column-is-layout-flow\">\n<div class=\"wp-block-group\"><div class=\"wp-block-group__inner-container is-layout-flow wp-block-group-is-layout-flow\">\n<figure class=\"wp-block-image size-full\"><img loading=\"lazy\" decoding=\"async\" width=\"736\" height=\"906\" src=\"https:\/\/www.asijskeserialy.cz\/wp-content\/uploads\/2025\/06\/LMH.jpg\" alt=\"\" class=\"wp-image-877\" srcset=\"https:\/\/www.asijskeserialy.cz\/wp-content\/uploads\/2025\/06\/LMH.jpg 736w, https:\/\/www.asijskeserialy.cz\/wp-content\/uploads\/2025\/06\/LMH-244x300.jpg 244w\" sizes=\"auto, (max-width: 736px) 100vw, 736px\" \/><\/figure>\n\n\n\n<div class=\"wp-block-group\"><div class=\"wp-block-group__inner-container is-layout-constrained wp-block-group-is-layout-constrained\">\n<h6 class=\"wp-block-heading alignwide has-text-align-center has-small-font-size\" style=\"line-height:1\">Lee Min Ho<\/h6>\n<\/div><\/div>\n<\/div><\/div>\n<\/div>\n\n\n\n<div class=\"wp-block-column is-layout-flow wp-block-column-is-layout-flow\">\n<figure class=\"wp-block-image size-full\"><img loading=\"lazy\" decoding=\"async\" width=\"1199\" height=\"1199\" src=\"https:\/\/www.asijskeserialy.cz\/wp-content\/uploads\/2025\/06\/5313a074638eae5e33c48ad6f1fb9693.jpg\" alt=\"\" class=\"wp-image-907\" srcset=\"https:\/\/www.asijskeserialy.cz\/wp-content\/uploads\/2025\/06\/5313a074638eae5e33c48ad6f1fb9693.jpg 1199w, https:\/\/www.asijskeserialy.cz\/wp-content\/uploads\/2025\/06\/5313a074638eae5e33c48ad6f1fb9693-300x300.jpg 300w, https:\/\/www.asijskeserialy.cz\/wp-content\/uploads\/2025\/06\/5313a074638eae5e33c48ad6f1fb9693-1024x1024.jpg 1024w, https:\/\/www.asijskeserialy.cz\/wp-content\/uploads\/2025\/06\/5313a074638eae5e33c48ad6f1fb9693-150x150.jpg 150w, https:\/\/www.asijskeserialy.cz\/wp-content\/uploads\/2025\/06\/5313a074638eae5e33c48ad6f1fb9693-768x768.jpg 768w, https:\/\/www.asijskeserialy.cz\/wp-content\/uploads\/2025\/06\/5313a074638eae5e33c48ad6f1fb9693-100x100.jpg 100w\" sizes=\"auto, (max-width: 767px) 89vw, (max-width: 1000px) 54vw, (max-width: 1071px) 543px, 580px\" \/><\/figure>\n\n\n\n<h6 class=\"wp-block-heading alignwide has-text-align-center has-small-font-size\" style=\"line-height:1\">Song Joong Ki<\/h6>\n<\/div>\n<\/div>\n\n\n\n<div class=\"wp-block-media-text is-stacked-on-mobile is-vertically-aligned-center\" style=\"grid-template-columns:15% auto\"><figure class=\"wp-block-media-text__media\"><a href=\"https:\/\/www.asijskeserialy.cz\/index.php\/prehled\/herci-herecky\/ahn-hyo-seop\/\" target=\"_blank\" rel=\" noreferrer noopener\"><img loading=\"lazy\" decoding=\"async\" width=\"1000\" height=\"1333\" src=\"https:\/\/www.asijskeserialy.cz\/wp-content\/uploads\/2025\/07\/Ahn-Hyo-Seop_P.jpg\" alt=\"\" class=\"wp-image-1806 size-full\" srcset=\"https:\/\/www.asijskeserialy.cz\/wp-content\/uploads\/2025\/07\/Ahn-Hyo-Seop_P.jpg 1000w, https:\/\/www.asijskeserialy.cz\/wp-content\/uploads\/2025\/07\/Ahn-Hyo-Seop_P-225x300.jpg 225w, https:\/\/www.asijskeserialy.cz\/wp-content\/uploads\/2025\/07\/Ahn-Hyo-Seop_P-768x1024.jpg 768w\" sizes=\"auto, (max-width: 767px) 89vw, (max-width: 1000px) 54vw, (max-width: 1071px) 543px, 580px\" \/><\/a><\/figure><div class=\"wp-block-media-text__content\">\n<p class=\"has-medium-font-size\"><a href=\"https:\/\/www.asijskeserialy.cz\/index.php\/prehled\/herci-herecky\/ahn-hyo-seop\/\" data-type=\"page\" data-id=\"1610\" target=\"_blank\" rel=\"noreferrer noopener\"><mark style=\"background-color:rgba(0, 0, 0, 0);color:#c60188\" class=\"has-inline-color\">Ahn Hyo Seop<\/mark><\/a><\/p>\n<\/div><\/div>\n\n\n\n<p><\/p>\n","protected":false},"excerpt":{"rendered":"<p>80 nejzn\u00e1m\u011bj\u0161\u00edch korejsk\u00fdch herc\u016f. Pozn\u00e1te je v\u0161echny? J\u00e1 ANO! Video si pus\u0165te a\u017e do konce &#129310;&#10084; Byeon Woo Seok Park Bo Gum Lee Min Ho Song Joong Ki Ahn Hyo Seop<\/p>\n","protected":false},"author":1,"featured_media":0,"parent":0,"menu_order":3,"comment_status":"closed","ping_status":"closed","template":"","meta":{"footnotes":""},"class_list":["post-265","page","type-page","status-publish","hentry"],"_links":{"self":[{"href":"https:\/\/www.asijskeserialy.cz\/index.php\/wp-json\/wp\/v2\/pages\/265","targetHints":{"allow":["GET"]}}],"collection":[{"href":"https:\/\/www.asijskeserialy.cz\/index.php\/wp-json\/wp\/v2\/pages"}],"about":[{"href":"https:\/\/www.asijskeserialy.cz\/index.php\/wp-json\/wp\/v2\/types\/page"}],"author":[{"embeddable":true,"href":"https:\/\/www.asijskeserialy.cz\/index.php\/wp-json\/wp\/v2\/users\/1"}],"replies":[{"embeddable":true,"href":"https:\/\/www.asijskeserialy.cz\/index.php\/wp-json\/wp\/v2\/comments?post=265"}],"version-history":[{"count":76,"href":"https:\/\/www.asijskeserialy.cz\/index.php\/wp-json\/wp\/v2\/pages\/265\/revisions"}],"predecessor-version":[{"id":2301,"href":"https:\/\/www.asijskeserialy.cz\/index.php\/wp-json\/wp\/v2\/pages\/265\/revisions\/2301"}],"wp:attachment":[{"href":"https:\/\/www.asijskeserialy.cz\/index.php\/wp-json\/wp\/v2\/media?parent=265"}],"curies":[{"name":"wp","href":"https:\/\/api.w.org\/{rel}","templated":true}]}}