{"id":1610,"date":"2025-07-12T15:16:05","date_gmt":"2025-07-12T13:16:05","guid":{"rendered":"https:\/\/www.asijskeserialy.cz\/?page_id=1610"},"modified":"2025-07-12T17:45:10","modified_gmt":"2025-07-12T15:45:10","slug":"ahn-hyo-seop","status":"publish","type":"page","link":"https:\/\/www.asijskeserialy.cz\/index.php\/herci\/ahn-hyo-seop\/","title":{"rendered":"Ahn Hyo Seop"},"content":{"rendered":"\n<div class=\"wp-block-group\"><div class=\"wp-block-group__inner-container is-layout-constrained wp-block-group-is-layout-constrained\">\n<div class=\"wp-block-media-text is-stacked-on-mobile is-vertically-aligned-top\" style=\"line-height:1;grid-template-columns:45% auto\"><figure class=\"wp-block-media-text__media\"><img loading=\"lazy\" decoding=\"async\" width=\"768\" height=\"1024\" src=\"https:\/\/www.asijskeserialy.cz\/wp-content\/uploads\/2025\/07\/Ahn-Hyo-Seop_P-768x1024.jpg\" alt=\"\" class=\"wp-image-1806 size-full\" srcset=\"https:\/\/www.asijskeserialy.cz\/wp-content\/uploads\/2025\/07\/Ahn-Hyo-Seop_P-768x1024.jpg 768w, https:\/\/www.asijskeserialy.cz\/wp-content\/uploads\/2025\/07\/Ahn-Hyo-Seop_P-225x300.jpg 225w, https:\/\/www.asijskeserialy.cz\/wp-content\/uploads\/2025\/07\/Ahn-Hyo-Seop_P.jpg 1000w\" sizes=\"auto, (max-width: 767px) 89vw, (max-width: 1000px) 54vw, (max-width: 1071px) 543px, 580px\" \/><\/figure><div class=\"wp-block-media-text__content\">\n<div class=\"wp-block-group\" style=\"line-height:1.2\"><div class=\"wp-block-group__inner-container is-layout-constrained wp-block-group-is-layout-constrained\">\n<div class=\"wp-block-group is-vertical is-layout-flex wp-container-core-group-is-layout-3 wp-block-group-is-layout-flex\">\n<div class=\"wp-block-group has-medium-font-size\"><div class=\"wp-block-group__inner-container is-layout-constrained wp-block-group-is-layout-constrained\">\n<p style=\"font-size:17px;line-height:1.1\"><br><strong>Jm\u00e9no:<\/strong> Hyo Seop<\/p>\n\n\n\n<p style=\"font-size:17px;line-height:0\"><strong>P\u0159\u00edjmen\u00ed:<\/strong> Ahn<\/p>\n\n\n\n<div class=\"wp-block-group\" style=\"line-height:1\"><div class=\"wp-block-group__inner-container is-layout-constrained wp-block-group-is-layout-constrained\">\n<p style=\"font-size:17px;line-height:0\"><strong>Rodn\u00e9 jm\u00e9no:<\/strong> \uc548\ud6a8\uc12d<\/p>\n\n\n\n<p style=\"font-size:17px;line-height:1\"><strong>Zn\u00e1m\u00fd i jako:<\/strong> Ahn Hyo Sub, Ahn Hyo Seob, Paul Ahn, An Hyo Seop<\/p>\n\n\n\n<p style=\"font-size:17px;line-height:0\"><strong>N\u00e1rodnost:<\/strong> Kanadsk\u00e1<\/p>\n\n\n\n<p style=\"font-size:17px;line-height:0\"><strong>Pohlav\u00ed:<\/strong> Mu\u017e<\/p>\n\n\n\n<p style=\"font-size:17px;line-height:0\"><strong>Narozen:<\/strong> 17. dubna 1995<\/p>\n\n\n\n<p style=\"font-size:17px;line-height:0\"><strong>V\u011bk:<\/strong> 31 let<\/p>\n<\/div><\/div>\n<\/div><\/div>\n<\/div>\n<\/div><\/div>\n<\/div><\/div>\n<\/div><\/div>\n\n\n\n<hr class=\"wp-block-separator has-alpha-channel-opacity\"\/>\n\n\n\n<h2 class=\"wp-block-heading\">BIOGRAFIE<\/h2>\n\n\n\n<details class=\"wp-block-details is-layout-flow wp-block-details-is-layout-flow\" style=\"font-size:17px\" open><summary>Paul Ahn, zn\u00e1m\u00fd pod sv\u00fdm korejsk\u00fdm jm\u00e9nem Ahn Hyo Seop, je kanadsk\u00fd herec a model. Narodil se v Ji\u017en\u00ed Koreji, ale jeho rodina emigrovala do Toronta v Kanad\u011b, kdy\u017e mu bylo 7 let, a tam str\u00e1vil 10 let. Vystudoval st\u0159edn\u00ed \u0161kolu Cheongdam High School, ale pozd\u011bji p\u0159eru\u0161il studium mezin\u00e1rodn\u00edho obchodu na Kookmin University. B\u011bhem studia na st\u0159edn\u00ed \u0161kole ho objevila agentura JYP Entertainment a stal se jej\u00edm st\u00e1\u017eistou. M\u011bl p\u0159\u00edle\u017eitost debutovat jako \u010dlen skupiny GOT7, ale nakonec nab\u00eddku odm\u00edtl a agenturu opustil, aby se v\u011bnoval jin\u00fdm projekt\u016fm. Po zm\u011bn\u011b agentury se spole\u010dnost Starhaus Entertainment (\uc2a4\ud0c0\ud558\uc6b0\uc2a4 \uc5d4\ud130\ud14c\uc778\uba3c\ud2b8) rozhodla zalo\u017eit projektovou skupinu ONE O ONE (\uc6d0\uc624\uc6d0) slo\u017eenou ze 4 herc\u016f (Kwak Shi Yang, Kwon Do Kyun, Go Wook a on). Debutovali v \u0159\u00edjnu 2015 digit\u00e1ln\u00edm singlem \u201eLove You\u201c a vydali n\u011bkolik dal\u0161\u00edch singl\u016f, ne\u017e v polovin\u011b roku 2017 ukon\u010dili \u010dinnost. V televizi debutoval v roce 2015 v po\u0159adu tvN \u201eAlways Cantare Season 2\u201c (\ubc14\ud750\ub97c \uafc8\uafb8\uba70 \uc5b8\uc81c\ub098 \uce78\ud0c0\ub808 2) a jako herec debutoval ve stejn\u00e9m roce rol\u00ed v dramatu MBC \u201eSplash Splash Love\u201c (\ud401\ub2f9\ud401\ub2f9 LOVE). V kv\u011btnu 2022 opustil Starhaus a ozn\u00e1mil zalo\u017een\u00ed vlastn\u00ed agentury The Present. Je spoluzakladatelem a spoluv\u00fdkonn\u00fdm \u0159editelem spolu se sv\u00fdm dlouholet\u00fdm mana\u017eerem. (Zdroj: MyDramaList)<\/summary>\n<p><\/p>\n<\/details>\n\n\n\n<hr class=\"wp-block-separator has-alpha-channel-opacity\"\/>\n\n\n\n<h2 class=\"wp-block-heading\">SERI\u00c1LY\/ FILMY<\/h2>\n\n\n\n<figure style=\"font-size:15px\" class=\"wp-block-table\"><table><thead><tr><th><strong>Rok<\/strong><\/th><th class=\"has-text-align-left\" data-align=\"left\"><strong>N\u00e1zev seri\u00e1lu<\/strong><\/th><th class=\"has-text-align-left\" data-align=\"left\"><strong>Po\u010det epizod<\/strong><\/th><\/tr><\/thead><tbody><tr><td>2026<\/td><td class=\"has-text-align-left\" data-align=\"left\">Sold Out Again Today<\/td><td class=\"has-text-align-left\" data-align=\"left\">12<\/td><\/tr><tr><td>2025<\/td><td class=\"has-text-align-left\" data-align=\"left\">KPop Demon Hunters<\/td><td class=\"has-text-align-left\" data-align=\"left\">Anime film\/hlas<\/td><\/tr><tr><td>2025<\/td><td class=\"has-text-align-left\" data-align=\"left\">Omniscient Reader: The Prophecy<\/td><td class=\"has-text-align-left\" data-align=\"left\">Film<\/td><\/tr><tr><td>2023<\/td><td class=\"has-text-align-left\" data-align=\"left\">A Time Called You<\/td><td class=\"has-text-align-left\" data-align=\"left\">12<\/td><\/tr><tr><td>2023<\/td><td class=\"has-text-align-left\" data-align=\"left\">Dr. Romantic Season 3<\/td><td class=\"has-text-align-left\" data-align=\"left\">16<\/td><\/tr><tr><td>2022<\/td><td class=\"has-text-align-left\" data-align=\"left\">Business Proposal<\/td><td class=\"has-text-align-left\" data-align=\"left\">12<\/td><\/tr><tr><td>2021<\/td><td class=\"has-text-align-left\" data-align=\"left\">Lovers of the Red Sky<\/td><td class=\"has-text-align-left\" data-align=\"left\">16<\/td><\/tr><tr><td>2020<\/td><td class=\"has-text-align-left\" data-align=\"left\">Dr. Romantic Season 2<\/td><td class=\"has-text-align-left\" data-align=\"left\">16<\/td><\/tr><tr><td>2019<\/td><td class=\"has-text-align-left\" data-align=\"left\">Abyss<\/td><td class=\"has-text-align-left\" data-align=\"left\">16<\/td><\/tr><tr><td>2018<\/td><td class=\"has-text-align-left\" data-align=\"left\">Top Management<\/td><td class=\"has-text-align-left\" data-align=\"left\">16<\/td><\/tr><tr><td>2018<\/td><td class=\"has-text-align-left\" data-align=\"left\">Thirty but Seventeen<\/td><td class=\"has-text-align-left\" data-align=\"left\">32<\/td><\/tr><tr><td>2017<\/td><td class=\"has-text-align-left\" data-align=\"left\">Queen of the Ring<\/td><td class=\"has-text-align-left\" data-align=\"left\">21<\/td><\/tr><tr><td>2017<\/td><td class=\"has-text-align-left\" data-align=\"left\">My Father Is Strange<\/td><td class=\"has-text-align-left\" data-align=\"left\">52<\/td><\/tr><tr><td>2016<\/td><td class=\"has-text-align-left\" data-align=\"left\">Entertainer<\/td><td class=\"has-text-align-left\" data-align=\"left\">18<\/td><\/tr><tr><td>2016<\/td><td class=\"has-text-align-left\" data-align=\"left\">Happy Home<\/td><td class=\"has-text-align-left\" data-align=\"left\">51<\/td><\/tr><tr><td>2016<\/td><td class=\"has-text-align-left\" data-align=\"left\">One More Happy Ending<\/td><td class=\"has-text-align-left\" data-align=\"left\">16<\/td><\/tr><\/tbody><\/table><\/figure>\n\n\n\n<figure class=\"wp-block-gallery has-nested-images columns-default is-cropped wp-block-gallery-1 is-layout-flex wp-block-gallery-is-layout-flex\">\n<figure class=\"wp-block-image size-large\"><img loading=\"lazy\" decoding=\"async\" width=\"578\" height=\"1024\" data-id=\"1804\" src=\"https:\/\/www.asijskeserialy.cz\/wp-content\/uploads\/2025\/07\/Ahn-Hyoseop-578x1024.jpg\" alt=\"\" class=\"wp-image-1804\" srcset=\"https:\/\/www.asijskeserialy.cz\/wp-content\/uploads\/2025\/07\/Ahn-Hyoseop-578x1024.jpg 578w, https:\/\/www.asijskeserialy.cz\/wp-content\/uploads\/2025\/07\/Ahn-Hyoseop-169x300.jpg 169w, https:\/\/www.asijskeserialy.cz\/wp-content\/uploads\/2025\/07\/Ahn-Hyoseop.jpg 736w\" sizes=\"auto, (max-width: 578px) 100vw, 578px\" \/><\/figure>\n\n\n\n<figure class=\"wp-block-image size-large\"><img loading=\"lazy\" decoding=\"async\" width=\"713\" height=\"1024\" data-id=\"1803\" src=\"https:\/\/www.asijskeserialy.cz\/wp-content\/uploads\/2025\/07\/Paul-Ahn-713x1024.jpg\" alt=\"\" class=\"wp-image-1803\" srcset=\"https:\/\/www.asijskeserialy.cz\/wp-content\/uploads\/2025\/07\/Paul-Ahn-713x1024.jpg 713w, https:\/\/www.asijskeserialy.cz\/wp-content\/uploads\/2025\/07\/Paul-Ahn-209x300.jpg 209w, https:\/\/www.asijskeserialy.cz\/wp-content\/uploads\/2025\/07\/Paul-Ahn.jpg 736w\" sizes=\"auto, (max-width: 713px) 100vw, 713px\" \/><\/figure>\n<\/figure>\n","protected":false},"excerpt":{"rendered":"<p>Jm\u00e9no: Hyo Seop P\u0159\u00edjmen\u00ed: Ahn Rodn\u00e9 jm\u00e9no: \uc548\ud6a8\uc12d Zn\u00e1m\u00fd i jako: Ahn Hyo Sub, Ahn Hyo Seob, Paul Ahn, An Hyo Seop N\u00e1rodnost: Kanadsk\u00e1 Pohlav\u00ed: Mu\u017e Narozen: 17. dubna 1995 V\u011bk: let BIOGRAFIE SERI\u00c1LY\/ FILMY Rok N\u00e1zev seri\u00e1lu Po\u010det epizod 2026 Sold Out Again Today 12 2025 KPop Demon Hunters Anime film\/hlas 2025 Omniscient Reader: &hellip; <\/p>\n<p class=\"link-more\"><a href=\"https:\/\/www.asijskeserialy.cz\/index.php\/herci\/ahn-hyo-seop\/\" class=\"more-link\">Pokra\u010dovat ve \u010dten\u00ed<span class=\"screen-reader-text\"> &#8220;Ahn Hyo Seop&#8221;<\/span><\/a><\/p>\n","protected":false},"author":1,"featured_media":0,"parent":1125,"menu_order":0,"comment_status":"closed","ping_status":"closed","template":"","meta":{"footnotes":""},"class_list":["post-1610","page","type-page","status-publish","hentry"],"_links":{"self":[{"href":"https:\/\/www.asijskeserialy.cz\/index.php\/wp-json\/wp\/v2\/pages\/1610","targetHints":{"allow":["GET"]}}],"collection":[{"href":"https:\/\/www.asijskeserialy.cz\/index.php\/wp-json\/wp\/v2\/pages"}],"about":[{"href":"https:\/\/www.asijskeserialy.cz\/index.php\/wp-json\/wp\/v2\/types\/page"}],"author":[{"embeddable":true,"href":"https:\/\/www.asijskeserialy.cz\/index.php\/wp-json\/wp\/v2\/users\/1"}],"replies":[{"embeddable":true,"href":"https:\/\/www.asijskeserialy.cz\/index.php\/wp-json\/wp\/v2\/comments?post=1610"}],"version-history":[{"count":94,"href":"https:\/\/www.asijskeserialy.cz\/index.php\/wp-json\/wp\/v2\/pages\/1610\/revisions"}],"predecessor-version":[{"id":1807,"href":"https:\/\/www.asijskeserialy.cz\/index.php\/wp-json\/wp\/v2\/pages\/1610\/revisions\/1807"}],"up":[{"embeddable":true,"href":"https:\/\/www.asijskeserialy.cz\/index.php\/wp-json\/wp\/v2\/pages\/1125"}],"wp:attachment":[{"href":"https:\/\/www.asijskeserialy.cz\/index.php\/wp-json\/wp\/v2\/media?parent=1610"}],"curies":[{"name":"wp","href":"https:\/\/api.w.org\/{rel}","templated":true}]}}