{"id":13,"date":"2025-05-21T15:07:01","date_gmt":"2025-05-21T13:07:01","guid":{"rendered":"http:\/\/www.asijskeserialy.cz\/?page_id=13"},"modified":"2025-08-13T01:50:10","modified_gmt":"2025-08-12T23:50:10","slug":"korejske-serialy","status":"publish","type":"page","link":"https:\/\/www.asijskeserialy.cz\/index.php\/korejske-serialy\/","title":{"rendered":"Korejsk\u00e9 seri\u00e1ly"},"content":{"rendered":"\n<div class=\"wp-block-media-text alignwide\"><figure class=\"wp-block-media-text__media\"><img loading=\"lazy\" decoding=\"async\" width=\"540\" height=\"380\" src=\"http:\/\/www.asijskeserialy.cz\/wp-content\/uploads\/2025\/05\/byenoneo-2.gif\" alt=\"\" class=\"wp-image-299 size-full\"\/><\/figure><div class=\"wp-block-media-text__content\">\n<p><strong>L\u00e1ska na cel\u00fd \u017eivot&#8230;.<\/strong><\/p>\n<\/div><\/div>\n","protected":false},"excerpt":{"rendered":"<p>L\u00e1ska na cel\u00fd \u017eivot&#8230;.<\/p>\n","protected":false},"author":1,"featured_media":232,"parent":0,"menu_order":1,"comment_status":"closed","ping_status":"closed","template":"","meta":{"footnotes":""},"class_list":["post-13","page","type-page","status-publish","has-post-thumbnail","hentry"],"_links":{"self":[{"href":"https:\/\/www.asijskeserialy.cz\/index.php\/wp-json\/wp\/v2\/pages\/13","targetHints":{"allow":["GET"]}}],"collection":[{"href":"https:\/\/www.asijskeserialy.cz\/index.php\/wp-json\/wp\/v2\/pages"}],"about":[{"href":"https:\/\/www.asijskeserialy.cz\/index.php\/wp-json\/wp\/v2\/types\/page"}],"author":[{"embeddable":true,"href":"https:\/\/www.asijskeserialy.cz\/index.php\/wp-json\/wp\/v2\/users\/1"}],"replies":[{"embeddable":true,"href":"https:\/\/www.asijskeserialy.cz\/index.php\/wp-json\/wp\/v2\/comments?post=13"}],"version-history":[{"count":4,"href":"https:\/\/www.asijskeserialy.cz\/index.php\/wp-json\/wp\/v2\/pages\/13\/revisions"}],"predecessor-version":[{"id":1910,"href":"https:\/\/www.asijskeserialy.cz\/index.php\/wp-json\/wp\/v2\/pages\/13\/revisions\/1910"}],"wp:featuredmedia":[{"embeddable":true,"href":"https:\/\/www.asijskeserialy.cz\/index.php\/wp-json\/wp\/v2\/media\/232"}],"wp:attachment":[{"href":"https:\/\/www.asijskeserialy.cz\/index.php\/wp-json\/wp\/v2\/media?parent=13"}],"curies":[{"name":"wp","href":"https:\/\/api.w.org\/{rel}","templated":true}]}}