{"id":126,"date":"2025-05-21T19:27:34","date_gmt":"2025-05-21T17:27:34","guid":{"rendered":"http:\/\/www.asijskeserialy.cz\/?page_id=126"},"modified":"2025-05-21T19:56:30","modified_gmt":"2025-05-21T17:56:30","slug":"cinske-filmy","status":"publish","type":"page","link":"https:\/\/www.asijskeserialy.cz\/index.php\/cinske-filmy\/","title":{"rendered":"\u010c\u00ednsk\u00e9 filmy"},"content":{"rendered":"\n<div class=\"wp-block-cover has-background-dim is-layout-flow wp-block-cover-is-layout-flow\" style=\"background-image:url(http:\/\/www.asijskeserialy.cz\/wp-content\/uploads\/2025\/05\/amidst_a_snowstorm_of_love-1.jpg)\"><\/div>\n","protected":false},"excerpt":{"rendered":"","protected":false},"author":1,"featured_media":0,"parent":0,"menu_order":2,"comment_status":"closed","ping_status":"closed","template":"","meta":{"footnotes":""},"class_list":["post-126","page","type-page","status-publish","hentry"],"_links":{"self":[{"href":"https:\/\/www.asijskeserialy.cz\/index.php\/wp-json\/wp\/v2\/pages\/126","targetHints":{"allow":["GET"]}}],"collection":[{"href":"https:\/\/www.asijskeserialy.cz\/index.php\/wp-json\/wp\/v2\/pages"}],"about":[{"href":"https:\/\/www.asijskeserialy.cz\/index.php\/wp-json\/wp\/v2\/types\/page"}],"author":[{"embeddable":true,"href":"https:\/\/www.asijskeserialy.cz\/index.php\/wp-json\/wp\/v2\/users\/1"}],"replies":[{"embeddable":true,"href":"https:\/\/www.asijskeserialy.cz\/index.php\/wp-json\/wp\/v2\/comments?post=126"}],"version-history":[{"count":2,"href":"https:\/\/www.asijskeserialy.cz\/index.php\/wp-json\/wp\/v2\/pages\/126\/revisions"}],"predecessor-version":[{"id":216,"href":"https:\/\/www.asijskeserialy.cz\/index.php\/wp-json\/wp\/v2\/pages\/126\/revisions\/216"}],"wp:attachment":[{"href":"https:\/\/www.asijskeserialy.cz\/index.php\/wp-json\/wp\/v2\/media?parent=126"}],"curies":[{"name":"wp","href":"https:\/\/api.w.org\/{rel}","templated":true}]}}