{"id":1004,"date":"2025-06-27T13:37:22","date_gmt":"2025-06-27T11:37:22","guid":{"rendered":"https:\/\/www.asijskeserialy.cz\/?page_id=1004"},"modified":"2025-08-13T01:27:22","modified_gmt":"2025-08-12T23:27:22","slug":"clanky","status":"publish","type":"page","link":"https:\/\/www.asijskeserialy.cz\/index.php\/clanky\/","title":{"rendered":"\u010cl\u00e1nky"},"content":{"rendered":"\n<h2 class=\"wp-block-heading\" style=\"font-size:17px\">Seznam kategori\u00ed<\/h2>\n\n\n<ul class=\"wp-block-categories-list wp-block-categories has-medium-font-size\">\t<li class=\"cat-item cat-item-19\"><a href=\"https:\/\/www.asijskeserialy.cz\/index.php\/category\/muzikaly\/\">Muzik\u00e1ly<\/a> (1)\n<\/li>\n\t<li class=\"cat-item cat-item-20\"><a href=\"https:\/\/www.asijskeserialy.cz\/index.php\/category\/novinky-roku-2025\/\">Novinky roku 2025<\/a> (2)\n<\/li>\n\t<li class=\"cat-item cat-item-27\"><a href=\"https:\/\/www.asijskeserialy.cz\/index.php\/category\/stripky-asijskych-tradic\/\">St\u0159\u00edpky asijsk\u00fdch tradic<\/a> (3)\n<\/li>\n<\/ul>\n\n\n<p><\/p>\n\n\n\n\n<ul class=\"vypis-clanku\"><li><a href=\"https:\/\/www.asijskeserialy.cz\/index.php\/2025\/08\/15\/gwangbokjeol\/\">Gwangbokjeol (\uad11\ubcf5\uc808)<\/a><\/li><li><a href=\"https:\/\/www.asijskeserialy.cz\/index.php\/2025\/08\/14\/pansky-hanbok\/\">P\u00c1NSK\u00dd HANBOK (\ud55c\ubcf5)<\/a><\/li><li><a href=\"https:\/\/www.asijskeserialy.cz\/index.php\/2025\/08\/12\/damsky-hanbok\/\">D\u00c1MSK\u00dd HANBOK (\ud55c\ubcf5)<\/a><\/li><\/ul>\n\n\n<ul class=\"vypis-clanku\"><li><a href=\"https:\/\/www.asijskeserialy.cz\/index.php\/2025\/06\/29\/kpop-demon-hunters-2025\/\">KPop Demon Hunters (2025)<\/a><\/li><\/ul>\n\n\n\n<p><\/p>\n","protected":false},"excerpt":{"rendered":"<p>Seznam kategori\u00ed<\/p>\n","protected":false},"author":1,"featured_media":0,"parent":0,"menu_order":0,"comment_status":"closed","ping_status":"closed","template":"","meta":{"footnotes":""},"class_list":["post-1004","page","type-page","status-publish","hentry"],"_links":{"self":[{"href":"https:\/\/www.asijskeserialy.cz\/index.php\/wp-json\/wp\/v2\/pages\/1004","targetHints":{"allow":["GET"]}}],"collection":[{"href":"https:\/\/www.asijskeserialy.cz\/index.php\/wp-json\/wp\/v2\/pages"}],"about":[{"href":"https:\/\/www.asijskeserialy.cz\/index.php\/wp-json\/wp\/v2\/types\/page"}],"author":[{"embeddable":true,"href":"https:\/\/www.asijskeserialy.cz\/index.php\/wp-json\/wp\/v2\/users\/1"}],"replies":[{"embeddable":true,"href":"https:\/\/www.asijskeserialy.cz\/index.php\/wp-json\/wp\/v2\/comments?post=1004"}],"version-history":[{"count":30,"href":"https:\/\/www.asijskeserialy.cz\/index.php\/wp-json\/wp\/v2\/pages\/1004\/revisions"}],"predecessor-version":[{"id":1900,"href":"https:\/\/www.asijskeserialy.cz\/index.php\/wp-json\/wp\/v2\/pages\/1004\/revisions\/1900"}],"wp:attachment":[{"href":"https:\/\/www.asijskeserialy.cz\/index.php\/wp-json\/wp\/v2\/media?parent=1004"}],"curies":[{"name":"wp","href":"https:\/\/api.w.org\/{rel}","templated":true}]}}