{"id":10,"date":"2025-05-21T15:07:01","date_gmt":"2025-05-21T13:07:01","guid":{"rendered":"http:\/\/www.asijskeserialy.cz\/?page_id=10"},"modified":"2026-01-13T00:04:24","modified_gmt":"2026-01-12T23:04:24","slug":"o-nas","status":"publish","type":"page","link":"https:\/\/www.asijskeserialy.cz\/","title":{"rendered":"\u00davod"},"content":{"rendered":"\n<div class=\"wp-block-group\"><div class=\"wp-block-group__inner-container is-layout-constrained wp-block-group-is-layout-constrained\">\n<p style=\"font-size:15px\">V\u00edt\u00e1m V\u00e1s na t\u011bchto str\u00e1nk\u00e1ch, kter\u00e9 jsou ur\u010den\u00e9 pro v\u0161echny milovn\u00edky asijsk\u00fdch seri\u00e1l\u016f, film\u016f, herc\u016f a k-popu. Pokud sh\u00e1n\u00edte n\u011bjak\u00fd seri\u00e1l nebo film a nena\u0161li jste ho v m\u00e9 datab\u00e1zi, tak pros\u00edm napi\u0161te a budu se sna\u017eit ho pro v\u00e1s sehnat \ud83d\ude42<br><\/p>\n<\/div><\/div>\n\n\n\n<p><\/p>\n","protected":false},"excerpt":{"rendered":"<p>V\u00edt\u00e1m V\u00e1s na t\u011bchto str\u00e1nk\u00e1ch, kter\u00e9 jsou ur\u010den\u00e9 pro v\u0161echny milovn\u00edky asijsk\u00fdch seri\u00e1l\u016f, film\u016f, herc\u016f a k-popu. Pokud sh\u00e1n\u00edte n\u011bjak\u00fd seri\u00e1l nebo film a nena\u0161li jste ho v m\u00e9 datab\u00e1zi, tak pros\u00edm napi\u0161te a budu se sna\u017eit ho pro v\u00e1s sehnat \ud83d\ude42<\/p>\n","protected":false},"author":1,"featured_media":0,"parent":0,"menu_order":0,"comment_status":"closed","ping_status":"closed","template":"","meta":{"footnotes":""},"class_list":["post-10","page","type-page","status-publish","hentry"],"_links":{"self":[{"href":"https:\/\/www.asijskeserialy.cz\/index.php\/wp-json\/wp\/v2\/pages\/10","targetHints":{"allow":["GET"]}}],"collection":[{"href":"https:\/\/www.asijskeserialy.cz\/index.php\/wp-json\/wp\/v2\/pages"}],"about":[{"href":"https:\/\/www.asijskeserialy.cz\/index.php\/wp-json\/wp\/v2\/types\/page"}],"author":[{"embeddable":true,"href":"https:\/\/www.asijskeserialy.cz\/index.php\/wp-json\/wp\/v2\/users\/1"}],"replies":[{"embeddable":true,"href":"https:\/\/www.asijskeserialy.cz\/index.php\/wp-json\/wp\/v2\/comments?post=10"}],"version-history":[{"count":55,"href":"https:\/\/www.asijskeserialy.cz\/index.php\/wp-json\/wp\/v2\/pages\/10\/revisions"}],"predecessor-version":[{"id":2235,"href":"https:\/\/www.asijskeserialy.cz\/index.php\/wp-json\/wp\/v2\/pages\/10\/revisions\/2235"}],"wp:attachment":[{"href":"https:\/\/www.asijskeserialy.cz\/index.php\/wp-json\/wp\/v2\/media?parent=10"}],"curies":[{"name":"wp","href":"https:\/\/api.w.org\/{rel}","templated":true}]}}